{"id":143,"date":"2012-02-02T10:46:49","date_gmt":"2012-02-02T10:46:49","guid":{"rendered":"http:\/\/brings-online.com\/demo\/handwerk\/?page_id=2"},"modified":"2024-02-05T09:35:09","modified_gmt":"2024-02-05T09:35:09","slug":"beispiel-seite","status":"publish","type":"page","link":"https:\/\/hotelchecker.eu\/","title":{"rendered":"Home"},"content":{"rendered":"<p>Als erfahrener Hoteltester und Reiseberater bin ich im Auftrag verschiedener Agenturen, renommierter Hotelketten und Reiseveranstalter unterwegs. Meine Mission? Die Qualit\u00e4t von Hotels zu bewerten und unseren Kunden wertvolle Einblicke zu bieten. Hier erfahren Sie, was ich tue:<\/p>\n<h3><strong>Meine Leistungen im Detail:<\/strong><\/h3>\n<ol>\n<li><strong>Umfassende Hotelbewertungen:<\/strong>\n<ul>\n<li>Ich tauche tief in die Welt der Hotels ein und durchleben den gesamten Ablauf eines Hotelbesuchs.<\/li>\n<li>Angefangen bei der Ankunft an der Rezeption bis hin zum Abschied \u2013 ich analysiere jeden Moment.<\/li>\n<li>Meine Berichte sind wie ein aufgeschlagenes Buch, das die Seele des Hotels offenbart.<\/li>\n<\/ul>\n<\/li>\n<li><strong>Kritische Analyse und detaillierte Berichte:<\/strong>\n<ul>\n<li>Ich pr\u00fcfe nicht nur die \u00e4u\u00dfere Fassade, sondern auch die inneren Werte.<\/li>\n<li>Zimmer, Restaurants, Servicequalit\u00e4t, Sauberkeit \u2013 nichts entgeht meinem kritischen Blick.<\/li>\n<\/ul>\n<\/li>\n<li><strong>Optimierungsvorschl\u00e4ge f\u00fcr Ihr Hotel:<\/strong>\n<ul>\n<li>Ich identifiziere St\u00e4rken und Schw\u00e4chen und leite daraus konkrete Handlungsempfehlungen ab.<\/li>\n<li>Ob es um den Service, die Ausstattung oder die G\u00e4stekommunikation geht \u2013 ich habe den Blick f\u00fcrs Detail.<\/li>\n<li>Meine Vorschl\u00e4ge sind ma\u00dfgeschneidert und zielen darauf ab, die G\u00e4stezufriedenheit zu steigern.<\/li>\n<\/ul>\n<\/li>\n<li><strong>Urlaubsberichte und Insider-Tipps:<\/strong>\n<ul>\n<li>Neben den offiziellen Bewertungen teile ich meine pers\u00f6nlichen Reiseerlebnisse.<\/li>\n<li>Versteckte Str\u00e4nde, kulinarische Highlights oder kulturelle Geheimtipps \u2013 ich nehme Sie mit auf meine Reisen.<\/li>\n<\/ul>\n<\/li>\n<li><strong>Beratung f\u00fcr Hotelketten und Reiseveranstalter:<\/strong>\n<ul>\n<li>Sie sind ein Hotelbesitzer oder ein Reiseveranstalter? Ich stehe Ihnen beratend zur Seite.<\/li>\n<li>Meine Erfahrung flie\u00dft in Ihre Strategieentwicklung ein \u2013 f\u00fcr noch bessere G\u00e4steerlebnisse.<\/li>\n<\/ul>\n<\/li>\n<li><strong>Workshops und Seminare:<\/strong>\n<ul>\n<li>Ich biete Workshops f\u00fcr Hotelteams an.<\/li>\n<li>Themen wie \u201cDie Kunst der perfekten G\u00e4stebetreuung\u201d oder \u201cWie gestalte ich ein unvergessliches Hotelerlebnis?\u201d stehen auf dem Programm.<\/li>\n<\/ul>\n<\/li>\n<\/ol>\n<h3><strong>Kontaktieren Sie uns f\u00fcr einzigartige Hotelbewertungen und ma\u00dfgeschneiderte Beratung!<\/strong><\/h3>\n<p>&#x1f31f;&#x1f3e8;&#x2708;&#xfe0f;<\/p>\n<p>Wir freuen uns darauf, mit Ihnen gemeinsam die Hotellerie zu verbessern und unvergessliche Urlaubserlebnisse zu schaffen!<\/p>\n","protected":false},"excerpt":{"rendered":"<p>Als erfahrener Hoteltester und Reiseberater bin ich im Auftrag verschiedener Agenturen, renommierter Hotelketten und Reiseveranstalter unterwegs. Meine Mission? Die Qualit\u00e4t von Hotels zu bewerten und unseren Kunden wertvolle Einblicke zu bieten. Hier erfahren Sie, was ich tue: Meine Leistungen im Detail: Umfassende Hotelbewertungen: Ich tauche tief in die Welt der Hotels ein und durchleben den [&hellip;]<\/p>\n","protected":false},"author":1,"featured_media":0,"parent":0,"menu_order":0,"comment_status":"open","ping_status":"closed","template":"homepage.php","meta":{"footnotes":""},"_links":{"self":[{"href":"https:\/\/hotelchecker.eu\/index.php?rest_route=\/wp\/v2\/pages\/143"}],"collection":[{"href":"https:\/\/hotelchecker.eu\/index.php?rest_route=\/wp\/v2\/pages"}],"about":[{"href":"https:\/\/hotelchecker.eu\/index.php?rest_route=\/wp\/v2\/types\/page"}],"author":[{"embeddable":true,"href":"https:\/\/hotelchecker.eu\/index.php?rest_route=\/wp\/v2\/users\/1"}],"replies":[{"embeddable":true,"href":"https:\/\/hotelchecker.eu\/index.php?rest_route=%2Fwp%2Fv2%2Fcomments&post=143"}],"version-history":[{"count":9,"href":"https:\/\/hotelchecker.eu\/index.php?rest_route=\/wp\/v2\/pages\/143\/revisions"}],"predecessor-version":[{"id":304,"href":"https:\/\/hotelchecker.eu\/index.php?rest_route=\/wp\/v2\/pages\/143\/revisions\/304"}],"wp:attachment":[{"href":"https:\/\/hotelchecker.eu\/index.php?rest_route=%2Fwp%2Fv2%2Fmedia&parent=143"}],"curies":[{"name":"wp","href":"https:\/\/api.w.org\/{rel}","templated":true}]}}